{"id":20,"date":"2023-01-21T08:42:41","date_gmt":"2023-01-21T08:42:41","guid":{"rendered":"https:\/\/www.silage-wp.egenslab.com\/?page_id=20"},"modified":"2024-10-18T10:24:12","modified_gmt":"2024-10-18T09:24:12","slug":"contact","status":"publish","type":"page","link":"https:\/\/ibn-restaurant.cz\/cs\/contact\/","title":{"rendered":"Contact"},"content":{"rendered":"<div data-elementor-type=\"wp-page\" data-elementor-id=\"20\" class=\"elementor elementor-20\">\n\t\t\t\t\t\t<section class=\"elementor-section elementor-top-section elementor-element elementor-element-9b56604 elementor-section-full_width elementor-section-height-default elementor-section-height-default\" data-id=\"9b56604\" data-element_type=\"section\" data-e-type=\"section\">\n\t\t\t\t\t\t<div class=\"elementor-container elementor-column-gap-default\">\n\t\t\t\t\t<div class=\"elementor-column elementor-col-50 elementor-top-column elementor-element elementor-element-ee480bf\" data-id=\"ee480bf\" data-element_type=\"column\" data-e-type=\"column\">\n\t\t\t<div class=\"elementor-widget-wrap elementor-element-populated\">\n\t\t\t\t\t\t<div class=\"elementor-element elementor-element-0a3b2e8 elementor-widget elementor-widget-restho_contact\" data-id=\"0a3b2e8\" data-element_type=\"widget\" data-e-type=\"widget\" data-widget_type=\"restho_contact.default\">\n\t\t\t\t<div class=\"elementor-widget-container\">\n\t\t\t\t\t            <div class=\"contact-page\">\r\n                <div class=\"contact-wrap\">\r\n                                            <div class=\"contact-img\">\r\n                            <img decoding=\"async\"  src=\"https:\/\/ibn-restaurant.cz\/wp-content\/uploads\/2024\/05\/Ambience-48-e1718949576518.jpg\" alt=\"contact-img\">\r\n                        <\/div>\r\n                                        <div class=\"contact-content\">\r\n                                                    <h3>INDIAN BY NATURE I \u2013 IBN I<\/h3>\r\n                                                <ul>\r\n                            <li>\r\n                                                                    <div class=\"icon\">\r\n                                                                            <\/div>\r\n                                 \r\n                                                                    <div class=\"content\">\r\n                                        <a>Pernerova 478\/1 Pernerova 1, Prague 186 00 Czech Republic<\/a>\r\n                                    <\/div>\r\n                                                            <\/li>\r\n                            <li>\r\n                                                                    <div class=\"icon\">\r\n                                                                            <\/div>\r\n                                                                <div class=\"content\">\r\n                                                                            <a href=\"tel:+420 222 968 622\">+420 222 968 622<\/a>\r\n                                                                        <br>\r\n                                                                            <a href=\"tel:+420 601 200 199\">+420 601 200 199<\/a>\r\n                                                                    <\/div>\r\n                            <\/li>\r\n                            <li>\r\n                                                                    <div class=\"icon\">\r\n                                                                            <\/div>\r\n                                                                <div class=\"content\">\r\n                                                                            <a href=\"mailto:info@ibn-restaurant.cz\">info@ibn-restaurant.cz<\/a>\r\n                                                                        <br>\r\n                                                                    <\/div>\r\n                            <\/li>\r\n                        <\/ul>\r\n                    <\/div>\r\n                <\/div>\r\n            <\/div>\r\n\r\n        \t\t\t\t<\/div>\n\t\t\t\t<\/div>\n\t\t\t\t<div class=\"elementor-element elementor-element-9e60863 elementor-widget elementor-widget-google_maps\" data-id=\"9e60863\" data-element_type=\"widget\" data-e-type=\"widget\" data-widget_type=\"google_maps.default\">\n\t\t\t\t<div class=\"elementor-widget-container\">\n\t\t\t\t\t\t\t<div class=\"elementor-custom-embed\">\n\t\t\t<iframe loading=\"lazy\"\n\t\t\t\t\tsrc=\"https:\/\/maps.google.com\/maps?q=Pernerova%20478%2F1%2C%20186%2000%20Praha%208-Karl%C3%ADn%2C%20Czechia&#038;t=m&#038;z=12&#038;output=embed&#038;iwloc=near\"\n\t\t\t\t\ttitle=\"Pernerova 478\/1, 186 00 Praha 8-Karl\u00edn, Czechia\"\n\t\t\t\t\taria-label=\"Pernerova 478\/1, 186 00 Praha 8-Karl\u00edn, Czechia\"\n\t\t\t><\/iframe>\n\t\t<\/div>\n\t\t\t\t\t\t<\/div>\n\t\t\t\t<\/div>\n\t\t\t\t\t<\/div>\n\t\t<\/div>\n\t\t\t\t<div class=\"elementor-column elementor-col-50 elementor-top-column elementor-element elementor-element-659e103\" data-id=\"659e103\" data-element_type=\"column\" data-e-type=\"column\">\n\t\t\t<div class=\"elementor-widget-wrap elementor-element-populated\">\n\t\t\t\t\t\t<div class=\"elementor-element elementor-element-0c0b9ed elementor-widget elementor-widget-restho_contact\" data-id=\"0c0b9ed\" data-element_type=\"widget\" data-e-type=\"widget\" data-widget_type=\"restho_contact.default\">\n\t\t\t\t<div class=\"elementor-widget-container\">\n\t\t\t\t\t            <div class=\"contact-page\">\r\n                <div class=\"contact-wrap\">\r\n                                            <div class=\"contact-img\">\r\n                            <img decoding=\"async\"  src=\"https:\/\/ibn-restaurant.cz\/wp-content\/uploads\/2024\/06\/IBN2-front-e1718950039717.webp\" alt=\"contact-img\">\r\n                        <\/div>\r\n                                        <div class=\"contact-content\">\r\n                                                    <h3>INDIAN BY NATURE II \u2013 IBN II<\/h3>\r\n                                                <ul>\r\n                            <li>\r\n                                                                    <div class=\"icon\">\r\n                                                                            <\/div>\r\n                                 \r\n                                                                    <div class=\"content\">\r\n                                        <a>Ma\u0159\u00e1kova 290\/7, Prague 160 00 Czech Republic<\/a>\r\n                                    <\/div>\r\n                                                            <\/li>\r\n                            <li>\r\n                                                                    <div class=\"icon\">\r\n                                                                            <\/div>\r\n                                                                <div class=\"content\">\r\n                                                                            <a href=\"tel:+420 220 951 378\">+420 220 951 378<\/a>\r\n                                                                        <br>\r\n                                                                            <a href=\"tel:+420 601 200 199\">+420 601 200 199<\/a>\r\n                                                                    <\/div>\r\n                            <\/li>\r\n                            <li>\r\n                                                                    <div class=\"icon\">\r\n                                                                            <\/div>\r\n                                                                <div class=\"content\">\r\n                                                                            <a href=\"mailto: info2@ibn-restaurant.cz\"> info2@ibn-restaurant.cz<\/a>\r\n                                                                        <br>\r\n                                                                    <\/div>\r\n                            <\/li>\r\n                        <\/ul>\r\n                    <\/div>\r\n                <\/div>\r\n            <\/div>\r\n\r\n        \t\t\t\t<\/div>\n\t\t\t\t<\/div>\n\t\t\t\t<div class=\"elementor-element elementor-element-9076b24 elementor-widget elementor-widget-google_maps\" data-id=\"9076b24\" data-element_type=\"widget\" data-e-type=\"widget\" data-widget_type=\"google_maps.default\">\n\t\t\t\t<div class=\"elementor-widget-container\">\n\t\t\t\t\t\t\t<div class=\"elementor-custom-embed\">\n\t\t\t<iframe loading=\"lazy\"\n\t\t\t\t\tsrc=\"https:\/\/maps.google.com\/maps?q=Ma%C5%99%C3%A1kova%20290%2F7%2C%20160%2000%20Praha%206-Dejvice%2C%20Czechia&#038;t=m&#038;z=12&#038;output=embed&#038;iwloc=near\"\n\t\t\t\t\ttitle=\"Ma\u0159\u00e1kova 290\/7, 160 00 Praha 6-Dejvice, Czechia\"\n\t\t\t\t\taria-label=\"Ma\u0159\u00e1kova 290\/7, 160 00 Praha 6-Dejvice, Czechia\"\n\t\t\t><\/iframe>\n\t\t<\/div>\n\t\t\t\t\t\t<\/div>\n\t\t\t\t<\/div>\n\t\t\t\t\t<\/div>\n\t\t<\/div>\n\t\t\t\t\t<\/div>\n\t\t<\/section>\n\t\t\t\t<section class=\"elementor-section elementor-top-section elementor-element elementor-element-6047134 elementor-section-boxed elementor-section-height-default elementor-section-height-default\" data-id=\"6047134\" data-element_type=\"section\" data-e-type=\"section\" data-settings=\"{&quot;background_background&quot;:&quot;classic&quot;}\">\n\t\t\t\t\t\t\t<div class=\"elementor-background-overlay\"><\/div>\n\t\t\t\t\t\t\t<div class=\"elementor-container elementor-column-gap-default\">\n\t\t\t\t\t<div class=\"elementor-column elementor-col-100 elementor-top-column elementor-element elementor-element-f6fc084\" data-id=\"f6fc084\" data-element_type=\"column\" data-e-type=\"column\">\n\t\t\t<div class=\"elementor-widget-wrap elementor-element-populated\">\n\t\t\t\t\t\t<section class=\"elementor-section elementor-inner-section elementor-element elementor-element-23c4e76 elementor-section-boxed elementor-section-height-default elementor-section-height-default\" data-id=\"23c4e76\" data-element_type=\"section\" data-e-type=\"section\" data-settings=\"{&quot;background_background&quot;:&quot;classic&quot;}\">\n\t\t\t\t\t\t<div class=\"elementor-container elementor-column-gap-no\">\n\t\t\t\t\t<div class=\"elementor-column elementor-col-100 elementor-inner-column elementor-element elementor-element-927fa48\" data-id=\"927fa48\" data-element_type=\"column\" data-e-type=\"column\">\n\t\t\t<div class=\"elementor-widget-wrap elementor-element-populated\">\n\t\t\t\t\t\t<div class=\"elementor-element elementor-element-c4eabee elementor-widget elementor-widget-restho_heading\" data-id=\"c4eabee\" data-element_type=\"widget\" data-e-type=\"widget\" data-widget_type=\"restho_heading.default\">\n\t\t\t\t<div class=\"elementor-widget-container\">\n\t\t\t\t\t                    <div class=\"section-title\">\r\n                                    <span>\r\n                                                    <svg width=\"17\" height=\"13\" viewbox=\"0 0 17 13\" fill=\"none\" xmlns=\"http:\/\/www.w3.org\/2000\/svg\">\r\n                                <rect y=\"0.725405\" width=\"7.45\" height=\"7.45\" transform=\"matrix(0.688322 0.725405 -0.688322 0.725405 6.3156 0.199193)\" stroke=\"#BF9444\" \/>\r\n                                <rect y=\"0.725405\" width=\"7.45\" height=\"7.45\" transform=\"matrix(0.688322 0.725405 -0.688322 0.725405 11.146 0.199193)\" stroke=\"#BF9444\" \/>\r\n                            <\/svg>\r\n                                                Contact Us                                                    <svg width=\"17\" height=\"13\" viewbox=\"0 0 17 13\" fill=\"none\" xmlns=\"http:\/\/www.w3.org\/2000\/svg\">\r\n                                <rect y=\"0.725405\" width=\"7.45\" height=\"7.45\" transform=\"matrix(0.688322 0.725405 -0.688322 0.725405 6.3156 0.199193)\" stroke=\"#BF9444\" \/>\r\n                                <rect y=\"0.725405\" width=\"7.45\" height=\"7.45\" transform=\"matrix(0.688322 0.725405 -0.688322 0.725405 11.146 0.199193)\" stroke=\"#BF9444\" \/>\r\n                            <\/svg>\r\n                                            <\/span>\r\n                                                    <h2>Get In Touch<\/h2>\r\n                                            <\/div>\r\n        \r\n        \r\n\t\t\t\t<\/div>\n\t\t\t\t<\/div>\n\t\t\t\t<div class=\"elementor-element elementor-element-a775e5e elementor-widget elementor-widget-shortcode\" data-id=\"a775e5e\" data-element_type=\"widget\" data-e-type=\"widget\" data-widget_type=\"shortcode.default\">\n\t\t\t\t<div class=\"elementor-widget-container\">\n\t\t\t\t\t\t\t<div class=\"elementor-shortcode\">\n<div class=\"wpcf7 no-js\" id=\"wpcf7-f404-o1\" lang=\"en-US\" dir=\"ltr\" data-wpcf7-id=\"404\">\n<div class=\"screen-reader-response\"><p role=\"status\" aria-live=\"polite\" aria-atomic=\"true\"><\/p> <ul><\/ul><\/div>\n<form action=\"\/cs\/wp-json\/wp\/v2\/pages\/20#wpcf7-f404-o1\" method=\"post\" class=\"wpcf7-form init\" aria-label=\"Contact form\" novalidate=\"novalidate\" data-status=\"init\" data-trp-original-action=\"\/cs\/wp-json\/wp\/v2\/pages\/20#wpcf7-f404-o1\">\n<fieldset class=\"hidden-fields-container\"><input type=\"hidden\" name=\"_wpcf7\" value=\"404\" \/><input type=\"hidden\" name=\"_wpcf7_version\" value=\"6.1.5\" \/><input type=\"hidden\" name=\"_wpcf7_locale\" value=\"en_US\" \/><input type=\"hidden\" name=\"_wpcf7_unit_tag\" value=\"wpcf7-f404-o1\" \/><input type=\"hidden\" name=\"_wpcf7_container_post\" value=\"0\" \/><input type=\"hidden\" name=\"_wpcf7_posted_data_hash\" value=\"\" \/>\n<\/fieldset>\n<div class=\"row justify-content-center\">\n\t<div class=\"col-lg-6 col-md-6 mb-25\">\n\t\t<div class=\"form-inner2\">\n\t\t\t<p>Select Restaurant <span class=\"wpcf7-form-control-wrap\" data-name=\"SelectRestaurant\"><span class=\"wpcf7-form-control wpcf7-radio\"><span class=\"wpcf7-list-item first\"><label><input type=\"radio\" name=\"SelectRestaurant\" value=\"IBN I\" checked=\"checked\" \/><span class=\"wpcf7-list-item-label\">IBN I<\/span><\/label><\/span><span class=\"wpcf7-list-item last\"><label><input type=\"radio\" name=\"SelectRestaurant\" value=\"IBN II\" \/><span class=\"wpcf7-list-item-label\">IBN II<\/span><\/label><\/span><\/span><\/span>\n\t\t\t<\/p>\n\t\t<\/div>\n\t<\/div>\n\t<div class=\"col-lg-6 col-md-6 mb-25\">\n\t<\/div>\n\t<div class=\"col-lg-6 col-md-6 mb-25\">\n\t\t<div class=\"form-inner\">\n\t\t\t<p><span class=\"wpcf7-form-control-wrap\" data-name=\"text-71\"><input size=\"40\" maxlength=\"400\" class=\"wpcf7-form-control wpcf7-text wpcf7-validates-as-required\" aria-required=\"true\" aria-invalid=\"false\" placeholder=\"Name\" value=\"\" type=\"text\" name=\"text-71\" \/><\/span>\n\t\t\t<\/p>\n\t\t<\/div>\n\t<\/div>\n\t<div class=\"col-lg-6 col-md-6 mb-25\">\n\t\t<div class=\"form-inner\">\n\t\t\t<p><span class=\"wpcf7-form-control-wrap\" data-name=\"text-72\"><input size=\"40\" maxlength=\"400\" class=\"wpcf7-form-control wpcf7-text wpcf7-validates-as-required\" aria-required=\"true\" aria-invalid=\"false\" placeholder=\"Phone\" value=\"\" type=\"text\" name=\"text-72\" \/><\/span>\n\t\t\t<\/p>\n\t\t<\/div>\n\t<\/div>\n\t<div class=\"col-lg-6 col-md-6 mb-25\">\n\t\t<div class=\"form-inner\">\n\t\t\t<p><span class=\"wpcf7-form-control-wrap\" data-name=\"text-73\"><input size=\"40\" maxlength=\"400\" class=\"wpcf7-form-control wpcf7-text wpcf7-validates-as-required\" aria-required=\"true\" aria-invalid=\"false\" placeholder=\"People\" value=\"\" type=\"text\" name=\"text-73\" \/><\/span>\n\t\t\t<\/p>\n\t\t<\/div>\n\t<\/div>\n\t<div class=\"col-lg-6 col-md-6 mb-25\">\n\t\t<div class=\"form-inner date-icon\">\n\t\t\t<p><span class=\"wpcf7-form-control-wrap\" data-name=\"date-647\"><input class=\"wpcf7-form-control wpcf7-date wpcf7-validates-as-required wpcf7-validates-as-date\" aria-required=\"true\" aria-invalid=\"false\" value=\"Date\" type=\"date\" name=\"date-647\" \/><\/span>\n\t\t\t<\/p>\n\t\t<\/div>\n\t<\/div>\n\t<div class=\"col-lg-6 col-md-6 mb-25\">\n\t\t<div class=\"form-inner\">\n\t\t\t<p><span class=\"wpcf7-form-control-wrap\" data-name=\"menu-952\"><select class=\"wpcf7-form-control wpcf7-select wpcf7-validates-as-required\" aria-required=\"true\" aria-invalid=\"false\" name=\"menu-952\"><option value=\"08 : 00 am\">08 : 00 am<\/option><option value=\"10 : 00 am\">10 : 00 am<\/option><option value=\"12 : 00 pm\">12 : 00 pm<\/option><option value=\"06 : 00 pm\">06 : 00 pm<\/option><option value=\"08: 00 pm\">08: 00 pm<\/option><option value=\"10 : 00 pm\">10 : 00 pm<\/option><\/select><\/span>\n\t\t\t<\/p>\n\t\t<\/div>\n\t<\/div>\n\t<div class=\"col-lg-6 col-md-6 mb-25\">\n\t\t<div class=\"form-inner\">\n\t\t\t<p><span class=\"wpcf7-form-control-wrap\" data-name=\"email-772\"><input size=\"40\" maxlength=\"400\" class=\"wpcf7-form-control wpcf7-email wpcf7-text wpcf7-validates-as-email\" aria-invalid=\"false\" placeholder=\"Email\" value=\"\" type=\"email\" name=\"email-772\" \/><\/span>\n\t\t\t<\/p>\n\t\t<\/div>\n\t<\/div>\n\t<div class=\"col-lg-6 col-md-6\">\n\t\t<div class=\"form-inner\">\n\t\t\t<p><input class=\"wpcf7-form-control wpcf7-submit has-spinner\" type=\"submit\" value=\"Reserve Now\" \/>\n\t\t\t<\/p>\n\t\t<\/div>\n\t<\/div>\n<\/div><div class=\"wpcf7-response-output\" aria-hidden=\"true\"><\/div>\n<input type=\"hidden\" name=\"trp-form-language\" value=\"cs\"\/><\/form>\n<\/div>\n<\/div>\n\t\t\t\t\t\t<\/div>\n\t\t\t\t<\/div>\n\t\t\t\t\t<\/div>\n\t\t<\/div>\n\t\t\t\t\t<\/div>\n\t\t<\/section>\n\t\t\t\t\t<\/div>\n\t\t<\/div>\n\t\t\t\t\t<\/div>\n\t\t<\/section>\n\t\t\t\t<\/div>","protected":false},"excerpt":{"rendered":"<p>INDIAN BY NATURE I \u2013 IBN I Pernerova 478\/1 Pernerova 1, Prague 186 00 Czech Republic +420 222 968 622 +420 601 200 199 info@ibn-restaurant.cz INDIAN BY NATURE II \u2013 IBN II Ma\u0159\u00e1kova 290\/7, Prague 160 00 Czech Republic +420 220 951 378 +420 601 200 199 info2@ibn-restaurant.cz Contact Us Get In Touch<\/p>","protected":false},"author":1,"featured_media":0,"parent":0,"menu_order":0,"comment_status":"closed","ping_status":"closed","template":"","meta":{"inline_featured_image":false,"footnotes":""},"class_list":["post-20","page","type-page","status-publish","hentry"],"yoast_head":"<!-- This site is optimized with the Yoast SEO plugin v25.1 - https:\/\/yoast.com\/wordpress\/plugins\/seo\/ -->\n<title>Contact - Indian by Nature<\/title>\n<meta name=\"robots\" content=\"index, follow, max-snippet:-1, max-image-preview:large, max-video-preview:-1\" \/>\n<link rel=\"canonical\" href=\"https:\/\/ibn-restaurant.cz\/cs\/contact\/\" \/>\n<meta property=\"og:locale\" content=\"cs_CZ\" \/>\n<meta property=\"og:type\" content=\"article\" \/>\n<meta property=\"og:title\" content=\"Contact - Indian by Nature\" \/>\n<meta property=\"og:description\" content=\"INDIAN BY NATURE I \u2013 IBN I Pernerova 478\/1 Pernerova 1, Prague 186 00 Czech Republic +420 222 968 622 +420 601 200 199 info@ibn-restaurant.cz INDIAN BY NATURE II \u2013 IBN II Ma\u0159\u00e1kova 290\/7, Prague 160 00 Czech Republic +420 220 951 378 +420 601 200 199 info2@ibn-restaurant.cz Contact Us Get In Touch\" \/>\n<meta property=\"og:url\" content=\"https:\/\/ibn-restaurant.cz\/cs\/contact\/\" \/>\n<meta property=\"og:site_name\" content=\"Indian by Nature\" \/>\n<meta property=\"article:modified_time\" content=\"2024-10-18T09:24:12+00:00\" \/>\n<meta property=\"og:image\" content=\"https:\/\/ibn-restaurant.cz\/wp-content\/uploads\/2024\/05\/Ambience-48-e1718949576518.jpg\" \/>\n<meta name=\"twitter:card\" content=\"summary_large_image\" \/>\n<meta name=\"twitter:label1\" content=\"Odhadovan\u00e1 doba \u010dten\u00ed\" \/>\n\t<meta name=\"twitter:data1\" content=\"1 minuta\" \/>\n<script type=\"application\/ld+json\" class=\"yoast-schema-graph\">{\"@context\":\"https:\/\/schema.org\",\"@graph\":[{\"@type\":\"WebPage\",\"@id\":\"https:\/\/ibn-restaurant.cz\/contact\/\",\"url\":\"https:\/\/ibn-restaurant.cz\/contact\/\",\"name\":\"Contact - Indian by Nature\",\"isPartOf\":{\"@id\":\"https:\/\/ibn-restaurant.cz\/#website\"},\"primaryImageOfPage\":{\"@id\":\"https:\/\/ibn-restaurant.cz\/contact\/#primaryimage\"},\"image\":{\"@id\":\"https:\/\/ibn-restaurant.cz\/contact\/#primaryimage\"},\"thumbnailUrl\":\"https:\/\/ibn-restaurant.cz\/wp-content\/uploads\/2024\/05\/Ambience-48-e1718949576518.jpg\",\"datePublished\":\"2023-01-21T08:42:41+00:00\",\"dateModified\":\"2024-10-18T09:24:12+00:00\",\"breadcrumb\":{\"@id\":\"https:\/\/ibn-restaurant.cz\/contact\/#breadcrumb\"},\"inLanguage\":\"cs\",\"potentialAction\":[{\"@type\":\"ReadAction\",\"target\":[\"https:\/\/ibn-restaurant.cz\/contact\/\"]}]},{\"@type\":\"ImageObject\",\"inLanguage\":\"cs\",\"@id\":\"https:\/\/ibn-restaurant.cz\/contact\/#primaryimage\",\"url\":\"https:\/\/ibn-restaurant.cz\/wp-content\/uploads\/2024\/05\/Ambience-48-e1718949576518.jpg\",\"contentUrl\":\"https:\/\/ibn-restaurant.cz\/wp-content\/uploads\/2024\/05\/Ambience-48-e1718949576518.jpg\"},{\"@type\":\"BreadcrumbList\",\"@id\":\"https:\/\/ibn-restaurant.cz\/contact\/#breadcrumb\",\"itemListElement\":[{\"@type\":\"ListItem\",\"position\":1,\"name\":\"Home\",\"item\":\"https:\/\/ibn-restaurant.cz\/\"},{\"@type\":\"ListItem\",\"position\":2,\"name\":\"Contact\"}]},{\"@type\":\"WebSite\",\"@id\":\"https:\/\/ibn-restaurant.cz\/#website\",\"url\":\"https:\/\/ibn-restaurant.cz\/\",\"name\":\"Indian by Nature\",\"description\":\"IBN - Finest Indian cuisine restaurant in Prague\",\"publisher\":{\"@id\":\"https:\/\/ibn-restaurant.cz\/#organization\"},\"potentialAction\":[{\"@type\":\"SearchAction\",\"target\":{\"@type\":\"EntryPoint\",\"urlTemplate\":\"https:\/\/ibn-restaurant.cz\/?s={search_term_string}\"},\"query-input\":{\"@type\":\"PropertyValueSpecification\",\"valueRequired\":true,\"valueName\":\"search_term_string\"}}],\"inLanguage\":\"cs\"},{\"@type\":\"Organization\",\"@id\":\"https:\/\/ibn-restaurant.cz\/#organization\",\"name\":\"Indian by Nature\",\"url\":\"https:\/\/ibn-restaurant.cz\/\",\"logo\":{\"@type\":\"ImageObject\",\"inLanguage\":\"cs\",\"@id\":\"https:\/\/ibn-restaurant.cz\/#\/schema\/logo\/image\/\",\"url\":\"https:\/\/ibn-restaurant.cz\/wp-content\/uploads\/2024\/06\/IBNWhite.svg\",\"contentUrl\":\"https:\/\/ibn-restaurant.cz\/wp-content\/uploads\/2024\/06\/IBNWhite.svg\",\"width\":98,\"height\":92,\"caption\":\"Indian by Nature\"},\"image\":{\"@id\":\"https:\/\/ibn-restaurant.cz\/#\/schema\/logo\/image\/\"}}]}<\/script>\n<!-- \/ Yoast SEO plugin. -->","yoast_head_json":{"title":"Contact - Indian by Nature","robots":{"index":"index","follow":"follow","max-snippet":"max-snippet:-1","max-image-preview":"max-image-preview:large","max-video-preview":"max-video-preview:-1"},"canonical":"https:\/\/ibn-restaurant.cz\/cs\/contact\/","og_locale":"cs_CZ","og_type":"article","og_title":"Contact - Indian by Nature","og_description":"INDIAN BY NATURE I \u2013 IBN I Pernerova 478\/1 Pernerova 1, Prague 186 00 Czech Republic +420 222 968 622 +420 601 200 199 info@ibn-restaurant.cz INDIAN BY NATURE II \u2013 IBN II Ma\u0159\u00e1kova 290\/7, Prague 160 00 Czech Republic +420 220 951 378 +420 601 200 199 info2@ibn-restaurant.cz Contact Us Get In Touch","og_url":"https:\/\/ibn-restaurant.cz\/cs\/contact\/","og_site_name":"Indian by Nature","article_modified_time":"2024-10-18T09:24:12+00:00","og_image":[{"url":"https:\/\/ibn-restaurant.cz\/wp-content\/uploads\/2024\/05\/Ambience-48-e1718949576518.jpg","type":"","width":"","height":""}],"twitter_card":"summary_large_image","twitter_misc":{"Odhadovan\u00e1 doba \u010dten\u00ed":"1 minuta"},"schema":{"@context":"https:\/\/schema.org","@graph":[{"@type":"WebPage","@id":"https:\/\/ibn-restaurant.cz\/contact\/","url":"https:\/\/ibn-restaurant.cz\/contact\/","name":"Contact - Indian by Nature","isPartOf":{"@id":"https:\/\/ibn-restaurant.cz\/#website"},"primaryImageOfPage":{"@id":"https:\/\/ibn-restaurant.cz\/contact\/#primaryimage"},"image":{"@id":"https:\/\/ibn-restaurant.cz\/contact\/#primaryimage"},"thumbnailUrl":"https:\/\/ibn-restaurant.cz\/wp-content\/uploads\/2024\/05\/Ambience-48-e1718949576518.jpg","datePublished":"2023-01-21T08:42:41+00:00","dateModified":"2024-10-18T09:24:12+00:00","breadcrumb":{"@id":"https:\/\/ibn-restaurant.cz\/contact\/#breadcrumb"},"inLanguage":"cs","potentialAction":[{"@type":"ReadAction","target":["https:\/\/ibn-restaurant.cz\/contact\/"]}]},{"@type":"ImageObject","inLanguage":"cs","@id":"https:\/\/ibn-restaurant.cz\/contact\/#primaryimage","url":"https:\/\/ibn-restaurant.cz\/wp-content\/uploads\/2024\/05\/Ambience-48-e1718949576518.jpg","contentUrl":"https:\/\/ibn-restaurant.cz\/wp-content\/uploads\/2024\/05\/Ambience-48-e1718949576518.jpg"},{"@type":"BreadcrumbList","@id":"https:\/\/ibn-restaurant.cz\/contact\/#breadcrumb","itemListElement":[{"@type":"ListItem","position":1,"name":"Home","item":"https:\/\/ibn-restaurant.cz\/"},{"@type":"ListItem","position":2,"name":"Contact"}]},{"@type":"WebSite","@id":"https:\/\/ibn-restaurant.cz\/#website","url":"https:\/\/ibn-restaurant.cz\/","name":"Indian by Nature","description":"IBN - Finest Indian cuisine restaurant in Prague","publisher":{"@id":"https:\/\/ibn-restaurant.cz\/#organization"},"potentialAction":[{"@type":"SearchAction","target":{"@type":"EntryPoint","urlTemplate":"https:\/\/ibn-restaurant.cz\/?s={search_term_string}"},"query-input":{"@type":"PropertyValueSpecification","valueRequired":true,"valueName":"search_term_string"}}],"inLanguage":"cs"},{"@type":"Organization","@id":"https:\/\/ibn-restaurant.cz\/#organization","name":"Indian by Nature","url":"https:\/\/ibn-restaurant.cz\/","logo":{"@type":"ImageObject","inLanguage":"cs","@id":"https:\/\/ibn-restaurant.cz\/#\/schema\/logo\/image\/","url":"https:\/\/ibn-restaurant.cz\/wp-content\/uploads\/2024\/06\/IBNWhite.svg","contentUrl":"https:\/\/ibn-restaurant.cz\/wp-content\/uploads\/2024\/06\/IBNWhite.svg","width":98,"height":92,"caption":"Indian by Nature"},"image":{"@id":"https:\/\/ibn-restaurant.cz\/#\/schema\/logo\/image\/"}}]}},"_links":{"self":[{"href":"https:\/\/ibn-restaurant.cz\/cs\/wp-json\/wp\/v2\/pages\/20","targetHints":{"allow":["GET"]}}],"collection":[{"href":"https:\/\/ibn-restaurant.cz\/cs\/wp-json\/wp\/v2\/pages"}],"about":[{"href":"https:\/\/ibn-restaurant.cz\/cs\/wp-json\/wp\/v2\/types\/page"}],"author":[{"embeddable":true,"href":"https:\/\/ibn-restaurant.cz\/cs\/wp-json\/wp\/v2\/users\/1"}],"replies":[{"embeddable":true,"href":"https:\/\/ibn-restaurant.cz\/cs\/wp-json\/wp\/v2\/comments?post=20"}],"version-history":[{"count":6,"href":"https:\/\/ibn-restaurant.cz\/cs\/wp-json\/wp\/v2\/pages\/20\/revisions"}],"predecessor-version":[{"id":3514,"href":"https:\/\/ibn-restaurant.cz\/cs\/wp-json\/wp\/v2\/pages\/20\/revisions\/3514"}],"wp:attachment":[{"href":"https:\/\/ibn-restaurant.cz\/cs\/wp-json\/wp\/v2\/media?parent=20"}],"curies":[{"name":"wp","href":"https:\/\/api.w.org\/{rel}","templated":true}]}}