{"id":773,"date":"2023-01-28T07:21:16","date_gmt":"2023-01-28T07:21:16","guid":{"rendered":"https:\/\/www.silage-wp.egenslab.com\/?page_id=773"},"modified":"2024-05-22T09:36:59","modified_gmt":"2024-05-22T08:36:59","slug":"ibn-gallery-2-2","status":"publish","type":"page","link":"https:\/\/ibn-restaurant.cz\/cs\/ibn-gallery-2-2\/","title":{"rendered":"IBN Gallery"},"content":{"rendered":"<div data-elementor-type=\"wp-page\" data-elementor-id=\"773\" class=\"elementor elementor-773\">\n\t\t\t\t\t\t<section class=\"elementor-section elementor-top-section elementor-element elementor-element-f8289b0 elementor-section-boxed elementor-section-height-default elementor-section-height-default\" data-id=\"f8289b0\" data-element_type=\"section\" data-e-type=\"section\">\n\t\t\t\t\t\t<div class=\"elementor-container elementor-column-gap-default\">\n\t\t\t\t\t<div class=\"elementor-column elementor-col-100 elementor-top-column elementor-element elementor-element-1b7d7b8\" data-id=\"1b7d7b8\" data-element_type=\"column\" data-e-type=\"column\">\n\t\t\t<div class=\"elementor-widget-wrap elementor-element-populated\">\n\t\t\t\t\t\t<div class=\"elementor-element elementor-element-8442f8c elementor-widget elementor-widget-restho_food_item_grid\" data-id=\"8442f8c\" data-element_type=\"widget\" data-e-type=\"widget\" data-widget_type=\"restho_food_item_grid.default\">\n\t\t\t\t<div class=\"elementor-widget-container\">\n\t\t\t\t\t        <div class=\"3-columns-menu-area\">\r\n            <div class=\"row justify-content-center g-4\">\r\n                                                                <div class=\"col-lg-4 col-md-6 col-sm-6\">\r\n                                                        <div class=\"food-items2-wrap\">\r\n                                <div class=\"food-img\">\r\n                                    <img decoding=\"async\" class=\"img-fluid\" src=\"https:\/\/www.silage-wp.egenslab.com\/wp-content\/uploads\/2023\/01\/h2-food-item-1.jpg\" alt=\"h2-food-item-1\">\r\n                                    <div class=\"batch\">\r\n                                                                                    <a>Lunch<\/a>\r\n                                                                            <\/div>\r\n                                    <div class=\"pric-tag\">\r\n                                                                                    <span>$45<\/span>\r\n                                                                            <\/div>\r\n                                <\/div>\r\n                                <div class=\"food-content\">\r\n                                                                            <h3>Prawn with Noodles<\/h3>\r\n                                                                                                                <p>It is a long established fact that a reader will be distracted.<\/p>\r\n                                                                    <\/div>\r\n                            <\/div>\r\n                        <\/div>\r\n                                                                    <div class=\"col-lg-4 col-md-6 col-sm-6\">\r\n                                                        <div class=\"food-items2-wrap\">\r\n                                <div class=\"food-img\">\r\n                                    <img decoding=\"async\" class=\"img-fluid\" src=\"https:\/\/www.silage-wp.egenslab.com\/wp-content\/uploads\/2023\/01\/h2-food-item-2.jpg\" alt=\"h2-food-item-1\">\r\n                                    <div class=\"batch\">\r\n                                                                                    <a>Lunch<\/a>\r\n                                                                            <\/div>\r\n                                    <div class=\"pric-tag\">\r\n                                                                                    <span>$30<\/span>\r\n                                                                            <\/div>\r\n                                <\/div>\r\n                                <div class=\"food-content\">\r\n                                                                            <h3>Chicken Leg Fry<\/h3>\r\n                                                                                                                <p>It is a long established fact that a reader will be distracted.<\/p>\r\n                                                                    <\/div>\r\n                            <\/div>\r\n                        <\/div>\r\n                                                                    <div class=\"col-lg-4 col-md-6 col-sm-6\">\r\n                                                        <div class=\"food-items2-wrap\">\r\n                                <div class=\"food-img\">\r\n                                    <img decoding=\"async\" class=\"img-fluid\" src=\"https:\/\/www.silage-wp.egenslab.com\/wp-content\/uploads\/2023\/01\/h2-food-item-3.jpg\" alt=\"h2-food-item-1\">\r\n                                    <div class=\"batch\">\r\n                                                                                    <a>Dinner<\/a>\r\n                                                                            <\/div>\r\n                                    <div class=\"pric-tag\">\r\n                                                                                    <span>$10<\/span>\r\n                                                                            <\/div>\r\n                                <\/div>\r\n                                <div class=\"food-content\">\r\n                                                                            <h3>Golden Coffee<\/h3>\r\n                                                                                                                <p>It is a long established fact that a reader will be distracted.<\/p>\r\n                                                                    <\/div>\r\n                            <\/div>\r\n                        <\/div>\r\n                                                                    <div class=\"col-lg-4 col-md-6 col-sm-6\">\r\n                                                        <div class=\"food-items2-wrap\">\r\n                                <div class=\"food-img\">\r\n                                    <img decoding=\"async\" class=\"img-fluid\" src=\"https:\/\/www.silage-wp.egenslab.com\/wp-content\/uploads\/2023\/01\/h2-food-item-4.jpg\" alt=\"h2-food-item-1\">\r\n                                    <div class=\"batch\">\r\n                                                                                    <a>Dinner<\/a>\r\n                                                                            <\/div>\r\n                                    <div class=\"pric-tag\">\r\n                                                                                    <span>$65<\/span>\r\n                                                                            <\/div>\r\n                                <\/div>\r\n                                <div class=\"food-content\">\r\n                                                                            <h3>Full Chicken<\/h3>\r\n                                                                                                                <p>It is a long established fact that a reader will be distracted.<\/p>\r\n                                                                    <\/div>\r\n                            <\/div>\r\n                        <\/div>\r\n                                                                    <div class=\"col-lg-4 col-md-6 col-sm-6\">\r\n                                                        <div class=\"food-items2-wrap\">\r\n                                <div class=\"food-img\">\r\n                                    <img decoding=\"async\" class=\"img-fluid\" src=\"https:\/\/www.silage-wp.egenslab.com\/wp-content\/uploads\/2023\/01\/h2-food-item-5.jpg\" alt=\"h2-food-item-1\">\r\n                                    <div class=\"batch\">\r\n                                                                                    <a>Breakfast<\/a>\r\n                                                                            <\/div>\r\n                                    <div class=\"pric-tag\">\r\n                                                                                    <span>$41<\/span>\r\n                                                                            <\/div>\r\n                                <\/div>\r\n                                <div class=\"food-content\">\r\n                                                                            <h3>Mutton Kabab<\/h3>\r\n                                                                                                                <p>It is a long established fact that a reader will be distracted.<\/p>\r\n                                                                    <\/div>\r\n                            <\/div>\r\n                        <\/div>\r\n                                                                    <div class=\"col-lg-4 col-md-6 col-sm-6\">\r\n                                                        <div class=\"food-items2-wrap\">\r\n                                <div class=\"food-img\">\r\n                                    <img decoding=\"async\" class=\"img-fluid\" src=\"https:\/\/www.silage-wp.egenslab.com\/wp-content\/uploads\/2023\/01\/h2-food-item-6.jpg\" alt=\"h2-food-item-1\">\r\n                                    <div class=\"batch\">\r\n                                                                                    <a>Breakfast<\/a>\r\n                                                                            <\/div>\r\n                                    <div class=\"pric-tag\">\r\n                                                                                    <span>$15<\/span>\r\n                                                                            <\/div>\r\n                                <\/div>\r\n                                <div class=\"food-content\">\r\n                                                                            <h3>Burger with Drinks<\/h3>\r\n                                                                                                                <p>It is a long established fact that a reader will be distracted.<\/p>\r\n                                                                    <\/div>\r\n                            <\/div>\r\n                        <\/div>\r\n                                                                    <div class=\"col-lg-4 col-md-6 col-sm-6\">\r\n                                                        <div class=\"food-items2-wrap\">\r\n                                <div class=\"food-img\">\r\n                                    <img decoding=\"async\" class=\"img-fluid\" src=\"https:\/\/www.silage-wp.egenslab.com\/wp-content\/uploads\/2023\/01\/h2-food-item-7.png\" alt=\"h2-food-item-1\">\r\n                                    <div class=\"batch\">\r\n                                                                                    <a>Lunch<\/a>\r\n                                                                            <\/div>\r\n                                    <div class=\"pric-tag\">\r\n                                                                                    <span>$48<\/span>\r\n                                                                            <\/div>\r\n                                <\/div>\r\n                                <div class=\"food-content\">\r\n                                                                            <h3>Shrimps with Role<\/h3>\r\n                                                                                                                <p>It is a long established fact that a reader will be distracted.<\/p>\r\n                                                                    <\/div>\r\n                            <\/div>\r\n                        <\/div>\r\n                                                                    <div class=\"col-lg-4 col-md-6 col-sm-6\">\r\n                                                        <div class=\"food-items2-wrap\">\r\n                                <div class=\"food-img\">\r\n                                    <img decoding=\"async\" class=\"img-fluid\" src=\"https:\/\/www.silage-wp.egenslab.com\/wp-content\/uploads\/2023\/01\/h2-food-item-8.png\" alt=\"h2-food-item-1\">\r\n                                    <div class=\"batch\">\r\n                                                                                    <a>Lunch<\/a>\r\n                                                                            <\/div>\r\n                                    <div class=\"pric-tag\">\r\n                                                                                    <span>$34<\/span>\r\n                                                                            <\/div>\r\n                                <\/div>\r\n                                <div class=\"food-content\">\r\n                                                                            <h3>Mutton with Shrimps<\/h3>\r\n                                                                                                                <p>It is a long established fact that a reader will be distracted.<\/p>\r\n                                                                    <\/div>\r\n                            <\/div>\r\n                        <\/div>\r\n                                                                    <div class=\"col-lg-4 col-md-6 col-sm-6\">\r\n                                                        <div class=\"food-items2-wrap\">\r\n                                <div class=\"food-img\">\r\n                                    <img decoding=\"async\" class=\"img-fluid\" src=\"https:\/\/www.silage-wp.egenslab.com\/wp-content\/uploads\/2023\/01\/h2-food-item-9.png\" alt=\"h2-food-item-1\">\r\n                                    <div class=\"batch\">\r\n                                                                                    <a>Lunch<\/a>\r\n                                                                            <\/div>\r\n                                    <div class=\"pric-tag\">\r\n                                                                                    <span>$34<\/span>\r\n                                                                            <\/div>\r\n                                <\/div>\r\n                                <div class=\"food-content\">\r\n                                                                            <h3>Fruits &amp; Vegeatble<\/h3>\r\n                                                                                                                <p>It is a long established fact that a reader will be distracted.<\/p>\r\n                                                                    <\/div>\r\n                            <\/div>\r\n                        <\/div>\r\n                                    <\/div>\r\n            <\/div>\r\n\r\n\r\n    \t\t\t\t<\/div>\n\t\t\t\t<\/div>\n\t\t\t\t\t<\/div>\n\t\t<\/div>\n\t\t\t\t\t<\/div>\n\t\t<\/section>\n\t\t\t\t<\/div>","protected":false},"excerpt":{"rendered":"<p>Lunch $45 Prawn with Noodles It is a long established fact that a reader will be distracted. Lunch $30 Chicken Leg Fry It is a long established fact that a reader will be distracted. Dinner $10 Golden Coffee It is a long established fact that a reader will be distracted. Dinner $65 Full Chicken It<\/p>","protected":false},"author":1,"featured_media":0,"parent":0,"menu_order":0,"comment_status":"closed","ping_status":"closed","template":"","meta":{"inline_featured_image":false,"footnotes":""},"class_list":["post-773","page","type-page","status-publish","hentry"],"yoast_head":"<!-- This site is optimized with the Yoast SEO plugin v25.1 - https:\/\/yoast.com\/wordpress\/plugins\/seo\/ -->\n<title>IBN Gallery - Indian by Nature<\/title>\n<meta name=\"robots\" content=\"index, follow, max-snippet:-1, max-image-preview:large, max-video-preview:-1\" \/>\n<link rel=\"canonical\" href=\"https:\/\/ibn-restaurant.cz\/cs\/ibn-gallery-2-2\/\" \/>\n<meta property=\"og:locale\" content=\"cs_CZ\" \/>\n<meta property=\"og:type\" content=\"article\" \/>\n<meta property=\"og:title\" content=\"IBN Gallery - Indian by Nature\" \/>\n<meta property=\"og:description\" content=\"Lunch $45 Prawn with Noodles It is a long established fact that a reader will be distracted. Lunch $30 Chicken Leg Fry It is a long established fact that a reader will be distracted. Dinner $10 Golden Coffee It is a long established fact that a reader will be distracted. Dinner $65 Full Chicken It\" \/>\n<meta property=\"og:url\" content=\"https:\/\/ibn-restaurant.cz\/cs\/ibn-gallery-2-2\/\" \/>\n<meta property=\"og:site_name\" content=\"Indian by Nature\" \/>\n<meta property=\"article:modified_time\" content=\"2024-05-22T08:36:59+00:00\" \/>\n<meta property=\"og:image\" content=\"https:\/\/ibn-restaurant.cz\/wp-content\/uploads\/2023\/01\/h2-food-item-1-1.jpg\" \/>\n<meta name=\"twitter:card\" content=\"summary_large_image\" \/>\n<meta name=\"twitter:label1\" content=\"Odhadovan\u00e1 doba \u010dten\u00ed\" \/>\n\t<meta name=\"twitter:data1\" content=\"1 minuta\" \/>\n<script type=\"application\/ld+json\" class=\"yoast-schema-graph\">{\"@context\":\"https:\/\/schema.org\",\"@graph\":[{\"@type\":\"WebPage\",\"@id\":\"https:\/\/ibn-restaurant.cz\/ibn-gallery-2-2\/\",\"url\":\"https:\/\/ibn-restaurant.cz\/ibn-gallery-2-2\/\",\"name\":\"IBN Gallery - Indian by Nature\",\"isPartOf\":{\"@id\":\"https:\/\/ibn-restaurant.cz\/#website\"},\"primaryImageOfPage\":{\"@id\":\"https:\/\/ibn-restaurant.cz\/ibn-gallery-2-2\/#primaryimage\"},\"image\":{\"@id\":\"https:\/\/ibn-restaurant.cz\/ibn-gallery-2-2\/#primaryimage\"},\"thumbnailUrl\":\"https:\/\/ibn-restaurant.cz\/wp-content\/uploads\/2023\/01\/h2-food-item-1-1.jpg\",\"datePublished\":\"2023-01-28T07:21:16+00:00\",\"dateModified\":\"2024-05-22T08:36:59+00:00\",\"breadcrumb\":{\"@id\":\"https:\/\/ibn-restaurant.cz\/ibn-gallery-2-2\/#breadcrumb\"},\"inLanguage\":\"cs\",\"potentialAction\":[{\"@type\":\"ReadAction\",\"target\":[\"https:\/\/ibn-restaurant.cz\/ibn-gallery-2-2\/\"]}]},{\"@type\":\"ImageObject\",\"inLanguage\":\"cs\",\"@id\":\"https:\/\/ibn-restaurant.cz\/ibn-gallery-2-2\/#primaryimage\",\"url\":\"https:\/\/ibn-restaurant.cz\/wp-content\/uploads\/2023\/01\/h2-food-item-1-1.jpg\",\"contentUrl\":\"https:\/\/ibn-restaurant.cz\/wp-content\/uploads\/2023\/01\/h2-food-item-1-1.jpg\"},{\"@type\":\"BreadcrumbList\",\"@id\":\"https:\/\/ibn-restaurant.cz\/ibn-gallery-2-2\/#breadcrumb\",\"itemListElement\":[{\"@type\":\"ListItem\",\"position\":1,\"name\":\"Home\",\"item\":\"https:\/\/ibn-restaurant.cz\/\"},{\"@type\":\"ListItem\",\"position\":2,\"name\":\"IBN Gallery\"}]},{\"@type\":\"WebSite\",\"@id\":\"https:\/\/ibn-restaurant.cz\/#website\",\"url\":\"https:\/\/ibn-restaurant.cz\/\",\"name\":\"Indian by Nature\",\"description\":\"IBN - Finest Indian cuisine restaurant in Prague\",\"publisher\":{\"@id\":\"https:\/\/ibn-restaurant.cz\/#organization\"},\"potentialAction\":[{\"@type\":\"SearchAction\",\"target\":{\"@type\":\"EntryPoint\",\"urlTemplate\":\"https:\/\/ibn-restaurant.cz\/?s={search_term_string}\"},\"query-input\":{\"@type\":\"PropertyValueSpecification\",\"valueRequired\":true,\"valueName\":\"search_term_string\"}}],\"inLanguage\":\"cs\"},{\"@type\":\"Organization\",\"@id\":\"https:\/\/ibn-restaurant.cz\/#organization\",\"name\":\"Indian by Nature\",\"url\":\"https:\/\/ibn-restaurant.cz\/\",\"logo\":{\"@type\":\"ImageObject\",\"inLanguage\":\"cs\",\"@id\":\"https:\/\/ibn-restaurant.cz\/#\/schema\/logo\/image\/\",\"url\":\"https:\/\/ibn-restaurant.cz\/wp-content\/uploads\/2024\/06\/IBNWhite.svg\",\"contentUrl\":\"https:\/\/ibn-restaurant.cz\/wp-content\/uploads\/2024\/06\/IBNWhite.svg\",\"width\":98,\"height\":92,\"caption\":\"Indian by Nature\"},\"image\":{\"@id\":\"https:\/\/ibn-restaurant.cz\/#\/schema\/logo\/image\/\"}}]}<\/script>\n<!-- \/ Yoast SEO plugin. -->","yoast_head_json":{"title":"IBN Gallery - Indian by Nature","robots":{"index":"index","follow":"follow","max-snippet":"max-snippet:-1","max-image-preview":"max-image-preview:large","max-video-preview":"max-video-preview:-1"},"canonical":"https:\/\/ibn-restaurant.cz\/cs\/ibn-gallery-2-2\/","og_locale":"cs_CZ","og_type":"article","og_title":"IBN Gallery - Indian by Nature","og_description":"Lunch $45 Prawn with Noodles It is a long established fact that a reader will be distracted. Lunch $30 Chicken Leg Fry It is a long established fact that a reader will be distracted. Dinner $10 Golden Coffee It is a long established fact that a reader will be distracted. Dinner $65 Full Chicken It","og_url":"https:\/\/ibn-restaurant.cz\/cs\/ibn-gallery-2-2\/","og_site_name":"Indian by Nature","article_modified_time":"2024-05-22T08:36:59+00:00","og_image":[{"url":"https:\/\/ibn-restaurant.cz\/wp-content\/uploads\/2023\/01\/h2-food-item-1-1.jpg","type":"","width":"","height":""}],"twitter_card":"summary_large_image","twitter_misc":{"Odhadovan\u00e1 doba \u010dten\u00ed":"1 minuta"},"schema":{"@context":"https:\/\/schema.org","@graph":[{"@type":"WebPage","@id":"https:\/\/ibn-restaurant.cz\/ibn-gallery-2-2\/","url":"https:\/\/ibn-restaurant.cz\/ibn-gallery-2-2\/","name":"IBN Gallery - Indian by Nature","isPartOf":{"@id":"https:\/\/ibn-restaurant.cz\/#website"},"primaryImageOfPage":{"@id":"https:\/\/ibn-restaurant.cz\/ibn-gallery-2-2\/#primaryimage"},"image":{"@id":"https:\/\/ibn-restaurant.cz\/ibn-gallery-2-2\/#primaryimage"},"thumbnailUrl":"https:\/\/ibn-restaurant.cz\/wp-content\/uploads\/2023\/01\/h2-food-item-1-1.jpg","datePublished":"2023-01-28T07:21:16+00:00","dateModified":"2024-05-22T08:36:59+00:00","breadcrumb":{"@id":"https:\/\/ibn-restaurant.cz\/ibn-gallery-2-2\/#breadcrumb"},"inLanguage":"cs","potentialAction":[{"@type":"ReadAction","target":["https:\/\/ibn-restaurant.cz\/ibn-gallery-2-2\/"]}]},{"@type":"ImageObject","inLanguage":"cs","@id":"https:\/\/ibn-restaurant.cz\/ibn-gallery-2-2\/#primaryimage","url":"https:\/\/ibn-restaurant.cz\/wp-content\/uploads\/2023\/01\/h2-food-item-1-1.jpg","contentUrl":"https:\/\/ibn-restaurant.cz\/wp-content\/uploads\/2023\/01\/h2-food-item-1-1.jpg"},{"@type":"BreadcrumbList","@id":"https:\/\/ibn-restaurant.cz\/ibn-gallery-2-2\/#breadcrumb","itemListElement":[{"@type":"ListItem","position":1,"name":"Home","item":"https:\/\/ibn-restaurant.cz\/"},{"@type":"ListItem","position":2,"name":"IBN Gallery"}]},{"@type":"WebSite","@id":"https:\/\/ibn-restaurant.cz\/#website","url":"https:\/\/ibn-restaurant.cz\/","name":"Indian by Nature","description":"IBN - Finest Indian cuisine restaurant in Prague","publisher":{"@id":"https:\/\/ibn-restaurant.cz\/#organization"},"potentialAction":[{"@type":"SearchAction","target":{"@type":"EntryPoint","urlTemplate":"https:\/\/ibn-restaurant.cz\/?s={search_term_string}"},"query-input":{"@type":"PropertyValueSpecification","valueRequired":true,"valueName":"search_term_string"}}],"inLanguage":"cs"},{"@type":"Organization","@id":"https:\/\/ibn-restaurant.cz\/#organization","name":"Indian by Nature","url":"https:\/\/ibn-restaurant.cz\/","logo":{"@type":"ImageObject","inLanguage":"cs","@id":"https:\/\/ibn-restaurant.cz\/#\/schema\/logo\/image\/","url":"https:\/\/ibn-restaurant.cz\/wp-content\/uploads\/2024\/06\/IBNWhite.svg","contentUrl":"https:\/\/ibn-restaurant.cz\/wp-content\/uploads\/2024\/06\/IBNWhite.svg","width":98,"height":92,"caption":"Indian by Nature"},"image":{"@id":"https:\/\/ibn-restaurant.cz\/#\/schema\/logo\/image\/"}}]}},"_links":{"self":[{"href":"https:\/\/ibn-restaurant.cz\/cs\/wp-json\/wp\/v2\/pages\/773","targetHints":{"allow":["GET"]}}],"collection":[{"href":"https:\/\/ibn-restaurant.cz\/cs\/wp-json\/wp\/v2\/pages"}],"about":[{"href":"https:\/\/ibn-restaurant.cz\/cs\/wp-json\/wp\/v2\/types\/page"}],"author":[{"embeddable":true,"href":"https:\/\/ibn-restaurant.cz\/cs\/wp-json\/wp\/v2\/users\/1"}],"replies":[{"embeddable":true,"href":"https:\/\/ibn-restaurant.cz\/cs\/wp-json\/wp\/v2\/comments?post=773"}],"version-history":[{"count":0,"href":"https:\/\/ibn-restaurant.cz\/cs\/wp-json\/wp\/v2\/pages\/773\/revisions"}],"wp:attachment":[{"href":"https:\/\/ibn-restaurant.cz\/cs\/wp-json\/wp\/v2\/media?parent=773"}],"curies":[{"name":"wp","href":"https:\/\/api.w.org\/{rel}","templated":true}]}}